{"id":4798,"date":"2024-05-22T17:42:06","date_gmt":"2024-05-22T17:42:06","guid":{"rendered":"https:\/\/www.torreabadal.com\/botiga\/visitas-guiadas-calendario-2024\/"},"modified":"2025-09-23T08:18:41","modified_gmt":"2025-09-23T08:18:41","slug":"visites-guiades-simple","status":"publish","type":"product","link":"https:\/\/www.torreabadal.com\/es\/botiga\/visites-guiades-simple\/","title":{"rendered":"VISITES GUIADAS"},"content":{"rendered":"","protected":false},"excerpt":{"rendered":"<div class=\"qodef-shortcode qodef-m qodef-section-title qodef-alignment--left \">\n<p class=\"qodef-m-text\">Descubre en exclusiva un espacio modernista \u00fanico y perfectamente conservado. La Torre Modernista Abadal es de las pocas casas modernistas que siguen perteneciendo a la misma familia desde su construcci\u00f3n en 1909. Visita guiada a cargo de la actual propietaria M\u00f2nica Abadal, donde podr\u00e1s descubrir las diferentes salas y el comedor de la vivienda. 1284, algunas de las habitaciones privadas, la cocina recientemente restaurada, el jard\u00edn rom\u00e1ntico y la bodega centenaria con an\u00e9cdotas y curiosidades familiares de la burgues\u00eda explicadas de primera mano por su propietaria.<\/p>\n<p>Posibilidad de terminar la visita con vermut musical (bebida + aperitivo con m\u00fasica en vivo) en el jard\u00edn rom\u00e1ntico de la casa.<\/p>\n<p class=\"qodef-m-text\"><strong>\u00b7 Guiada SIMPLE: 15\u20ac <\/strong><\/p>\n<p class=\"qodef-m-text\"><b>\u00b7 Guiada PREMIUM: 20\u20ac<\/b><\/p>\n<p>*Menores de 6 a\u00f1os: Gratuito<\/p>\n<p><em>GUIADA SIMPLE \u00b7 Su entrada incluye: Visita Guiada a la casa y bodega. Duraci\u00f3n: 1h. aprox.<\/em><\/p>\n<p><em>GUIADA PREMIUM \u00b7 Su entrada incluye: Guiada Simple + Vermut Musical* en los Jardines. Duraci\u00f3n 2h aprox. <\/em><\/p>\n<p>*el Vermut Musical incluye (bebida + aperitivo con m\u00fasica en vivo)<\/p>\n<\/div>\n<div class=\"wpb_text_column wpb_content_element \">\n<div class=\"wpb_wrapper\">\n<blockquote><p>Con la compra de tu entrada estas contribuyendo a la conservaci\u00f3n del patrimonio. \u00a1Muchas gracias!<\/p><\/blockquote>\n<\/div>\n<\/div>\n","protected":false},"featured_media":4799,"template":"","meta":{"_joinchat":[]},"product_cat":[115,117],"product_tag":[],"yoast_head":"<!-- This site is optimized with the Yoast SEO plugin v22.9 - https:\/\/yoast.com\/wordpress\/plugins\/seo\/ -->\n<title>VISITES GUIADAS - Torre Modernista Abadal<\/title>\n<meta name=\"robots\" content=\"index, follow, max-snippet:-1, max-image-preview:large, max-video-preview:-1\" \/>\n<link rel=\"canonical\" href=\"https:\/\/www.torreabadal.com\/es\/botiga\/visites-guiades-simple\/\" \/>\n<meta property=\"og:locale\" content=\"es_ES\" \/>\n<meta property=\"og:type\" content=\"article\" \/>\n<meta property=\"og:title\" content=\"VISITES GUIADAS - Torre Modernista Abadal\" \/>\n<meta property=\"og:description\" content=\"Descubre en exclusiva un espacio modernista \u00fanico y perfectamente conservado. La Torre Modernista Abadal es de las pocas casas modernistas que siguen perteneciendo a la misma familia desde su construcci\u00f3n en 1909. Visita guiada a cargo de la actual propietaria M\u00f2nica Abadal, donde podr\u00e1s descubrir las diferentes salas y el comedor de la vivienda. 1284, algunas de las habitaciones privadas, la cocina recientemente restaurada, el jard\u00edn rom\u00e1ntico y la bodega centenaria con an\u00e9cdotas y curiosidades familiares de la burgues\u00eda explicadas de primera mano por su propietaria. Posibilidad de terminar la visita con vermut musical (bebida + aperitivo con m\u00fasica en vivo) en el jard\u00edn rom\u00e1ntico de la casa. \u00b7 Guiada SIMPLE: 15\u20ac  \u00b7 Guiada PREMIUM: 20\u20ac *Menores de 6 a\u00f1os: Gratuito  GUIADA SIMPLE \u00b7 Su entrada incluye: Visita Guiada a la casa y bodega. Duraci\u00f3n: 1h. aprox.  GUIADA PREMIUM \u00b7 Su entrada incluye: Guiada Simple + Vermut Musical* en los Jardines. Duraci\u00f3n 2h aprox.   *el Vermut Musical incluye (bebida + aperitivo con m\u00fasica en vivo)     Con la compra de tu entrada estas contribuyendo a la conservaci\u00f3n del patrimonio. \u00a1Muchas gracias!\" \/>\n<meta property=\"og:url\" content=\"https:\/\/www.torreabadal.com\/es\/botiga\/visites-guiades-simple\/\" \/>\n<meta property=\"og:site_name\" content=\"Torre Modernista Abadal\" \/>\n<meta property=\"article:publisher\" content=\"https:\/\/www.facebook.com\/torre.abadal\/\" \/>\n<meta property=\"article:modified_time\" content=\"2025-09-23T08:18:41+00:00\" \/>\n<meta property=\"og:image\" content=\"https:\/\/www.torreabadal.com\/wp-content\/uploads\/2023\/04\/visita.png\" \/>\n\t<meta property=\"og:image:width\" content=\"800\" \/>\n\t<meta property=\"og:image:height\" content=\"978\" \/>\n\t<meta property=\"og:image:type\" content=\"image\/png\" \/>\n<meta name=\"twitter:card\" content=\"summary_large_image\" \/>\n<meta name=\"twitter:label1\" content=\"Tiempo de lectura\" \/>\n\t<meta name=\"twitter:data1\" content=\"1 minuto\" \/>\n<script type=\"application\/ld+json\" class=\"yoast-schema-graph\">{\"@context\":\"https:\/\/schema.org\",\"@graph\":[{\"@type\":\"WebPage\",\"@id\":\"https:\/\/www.torreabadal.com\/es\/botiga\/visites-guiades-simple\/\",\"url\":\"https:\/\/www.torreabadal.com\/es\/botiga\/visites-guiades-simple\/\",\"name\":\"VISITES GUIADAS - Torre Modernista Abadal\",\"isPartOf\":{\"@id\":\"https:\/\/www.torreabadal.com\/#website\"},\"primaryImageOfPage\":{\"@id\":\"https:\/\/www.torreabadal.com\/es\/botiga\/visites-guiades-simple\/#primaryimage\"},\"image\":{\"@id\":\"https:\/\/www.torreabadal.com\/es\/botiga\/visites-guiades-simple\/#primaryimage\"},\"thumbnailUrl\":\"https:\/\/www.torreabadal.com\/wp-content\/uploads\/2023\/04\/visita.png\",\"datePublished\":\"2024-05-22T17:42:06+00:00\",\"dateModified\":\"2025-09-23T08:18:41+00:00\",\"breadcrumb\":{\"@id\":\"https:\/\/www.torreabadal.com\/es\/botiga\/visites-guiades-simple\/#breadcrumb\"},\"inLanguage\":\"es\",\"potentialAction\":[{\"@type\":\"ReadAction\",\"target\":[\"https:\/\/www.torreabadal.com\/es\/botiga\/visites-guiades-simple\/\"]}]},{\"@type\":\"ImageObject\",\"inLanguage\":\"es\",\"@id\":\"https:\/\/www.torreabadal.com\/es\/botiga\/visites-guiades-simple\/#primaryimage\",\"url\":\"https:\/\/www.torreabadal.com\/wp-content\/uploads\/2023\/04\/visita.png\",\"contentUrl\":\"https:\/\/www.torreabadal.com\/wp-content\/uploads\/2023\/04\/visita.png\",\"width\":800,\"height\":978},{\"@type\":\"BreadcrumbList\",\"@id\":\"https:\/\/www.torreabadal.com\/es\/botiga\/visites-guiades-simple\/#breadcrumb\",\"itemListElement\":[{\"@type\":\"ListItem\",\"position\":1,\"name\":\"Inici\",\"item\":\"https:\/\/www.torreabadal.com\/es\/\"},{\"@type\":\"ListItem\",\"position\":2,\"name\":\"Tienda\",\"item\":\"https:\/\/www.torreabadal.com\/es\/tienda\/\"},{\"@type\":\"ListItem\",\"position\":3,\"name\":\"VISITES GUIADAS\"}]},{\"@type\":\"WebSite\",\"@id\":\"https:\/\/www.torreabadal.com\/#website\",\"url\":\"https:\/\/www.torreabadal.com\/\",\"name\":\"Torre Modernista Abadal\",\"description\":\"Una aut\u00e8ntica casa modernista del segle XX. Hist\u00f2ria, disseny i privacitat.\",\"publisher\":{\"@id\":\"https:\/\/www.torreabadal.com\/#organization\"},\"potentialAction\":[{\"@type\":\"SearchAction\",\"target\":{\"@type\":\"EntryPoint\",\"urlTemplate\":\"https:\/\/www.torreabadal.com\/?s={search_term_string}\"},\"query-input\":\"required name=search_term_string\"}],\"inLanguage\":\"es\"},{\"@type\":\"Organization\",\"@id\":\"https:\/\/www.torreabadal.com\/#organization\",\"name\":\"Torre Modernista Abadal\",\"url\":\"https:\/\/www.torreabadal.com\/\",\"logo\":{\"@type\":\"ImageObject\",\"inLanguage\":\"es\",\"@id\":\"https:\/\/www.torreabadal.com\/#\/schema\/logo\/image\/\",\"url\":\"https:\/\/www.torreabadal.com\/wp-content\/uploads\/2022\/09\/cropped-abadal-01-1.png\",\"contentUrl\":\"https:\/\/www.torreabadal.com\/wp-content\/uploads\/2022\/09\/cropped-abadal-01-1.png\",\"width\":1995,\"height\":1628,\"caption\":\"Torre Modernista Abadal\"},\"image\":{\"@id\":\"https:\/\/www.torreabadal.com\/#\/schema\/logo\/image\/\"},\"sameAs\":[\"https:\/\/www.facebook.com\/torre.abadal\/\",\"https:\/\/www.instagram.com\/torre.abadal\/\"]}]}<\/script>\n<!-- \/ Yoast SEO plugin. -->","yoast_head_json":{"title":"VISITES GUIADAS - Torre Modernista Abadal","robots":{"index":"index","follow":"follow","max-snippet":"max-snippet:-1","max-image-preview":"max-image-preview:large","max-video-preview":"max-video-preview:-1"},"canonical":"https:\/\/www.torreabadal.com\/es\/botiga\/visites-guiades-simple\/","og_locale":"es_ES","og_type":"article","og_title":"VISITES GUIADAS - Torre Modernista Abadal","og_description":"Descubre en exclusiva un espacio modernista \u00fanico y perfectamente conservado. La Torre Modernista Abadal es de las pocas casas modernistas que siguen perteneciendo a la misma familia desde su construcci\u00f3n en 1909. Visita guiada a cargo de la actual propietaria M\u00f2nica Abadal, donde podr\u00e1s descubrir las diferentes salas y el comedor de la vivienda. 1284, algunas de las habitaciones privadas, la cocina recientemente restaurada, el jard\u00edn rom\u00e1ntico y la bodega centenaria con an\u00e9cdotas y curiosidades familiares de la burgues\u00eda explicadas de primera mano por su propietaria. Posibilidad de terminar la visita con vermut musical (bebida + aperitivo con m\u00fasica en vivo) en el jard\u00edn rom\u00e1ntico de la casa. \u00b7 Guiada SIMPLE: 15\u20ac  \u00b7 Guiada PREMIUM: 20\u20ac *Menores de 6 a\u00f1os: Gratuito  GUIADA SIMPLE \u00b7 Su entrada incluye: Visita Guiada a la casa y bodega. Duraci\u00f3n: 1h. aprox.  GUIADA PREMIUM \u00b7 Su entrada incluye: Guiada Simple + Vermut Musical* en los Jardines. Duraci\u00f3n 2h aprox.   *el Vermut Musical incluye (bebida + aperitivo con m\u00fasica en vivo)     Con la compra de tu entrada estas contribuyendo a la conservaci\u00f3n del patrimonio. \u00a1Muchas gracias!","og_url":"https:\/\/www.torreabadal.com\/es\/botiga\/visites-guiades-simple\/","og_site_name":"Torre Modernista Abadal","article_publisher":"https:\/\/www.facebook.com\/torre.abadal\/","article_modified_time":"2025-09-23T08:18:41+00:00","og_image":[{"width":800,"height":978,"url":"https:\/\/www.torreabadal.com\/wp-content\/uploads\/2023\/04\/visita.png","type":"image\/png"}],"twitter_card":"summary_large_image","twitter_misc":{"Tiempo de lectura":"1 minuto"},"schema":{"@context":"https:\/\/schema.org","@graph":[{"@type":"WebPage","@id":"https:\/\/www.torreabadal.com\/es\/botiga\/visites-guiades-simple\/","url":"https:\/\/www.torreabadal.com\/es\/botiga\/visites-guiades-simple\/","name":"VISITES GUIADAS - Torre Modernista Abadal","isPartOf":{"@id":"https:\/\/www.torreabadal.com\/#website"},"primaryImageOfPage":{"@id":"https:\/\/www.torreabadal.com\/es\/botiga\/visites-guiades-simple\/#primaryimage"},"image":{"@id":"https:\/\/www.torreabadal.com\/es\/botiga\/visites-guiades-simple\/#primaryimage"},"thumbnailUrl":"https:\/\/www.torreabadal.com\/wp-content\/uploads\/2023\/04\/visita.png","datePublished":"2024-05-22T17:42:06+00:00","dateModified":"2025-09-23T08:18:41+00:00","breadcrumb":{"@id":"https:\/\/www.torreabadal.com\/es\/botiga\/visites-guiades-simple\/#breadcrumb"},"inLanguage":"es","potentialAction":[{"@type":"ReadAction","target":["https:\/\/www.torreabadal.com\/es\/botiga\/visites-guiades-simple\/"]}]},{"@type":"ImageObject","inLanguage":"es","@id":"https:\/\/www.torreabadal.com\/es\/botiga\/visites-guiades-simple\/#primaryimage","url":"https:\/\/www.torreabadal.com\/wp-content\/uploads\/2023\/04\/visita.png","contentUrl":"https:\/\/www.torreabadal.com\/wp-content\/uploads\/2023\/04\/visita.png","width":800,"height":978},{"@type":"BreadcrumbList","@id":"https:\/\/www.torreabadal.com\/es\/botiga\/visites-guiades-simple\/#breadcrumb","itemListElement":[{"@type":"ListItem","position":1,"name":"Inici","item":"https:\/\/www.torreabadal.com\/es\/"},{"@type":"ListItem","position":2,"name":"Tienda","item":"https:\/\/www.torreabadal.com\/es\/tienda\/"},{"@type":"ListItem","position":3,"name":"VISITES GUIADAS"}]},{"@type":"WebSite","@id":"https:\/\/www.torreabadal.com\/#website","url":"https:\/\/www.torreabadal.com\/","name":"Torre Modernista Abadal","description":"Una aut\u00e8ntica casa modernista del segle XX. Hist\u00f2ria, disseny i privacitat.","publisher":{"@id":"https:\/\/www.torreabadal.com\/#organization"},"potentialAction":[{"@type":"SearchAction","target":{"@type":"EntryPoint","urlTemplate":"https:\/\/www.torreabadal.com\/?s={search_term_string}"},"query-input":"required name=search_term_string"}],"inLanguage":"es"},{"@type":"Organization","@id":"https:\/\/www.torreabadal.com\/#organization","name":"Torre Modernista Abadal","url":"https:\/\/www.torreabadal.com\/","logo":{"@type":"ImageObject","inLanguage":"es","@id":"https:\/\/www.torreabadal.com\/#\/schema\/logo\/image\/","url":"https:\/\/www.torreabadal.com\/wp-content\/uploads\/2022\/09\/cropped-abadal-01-1.png","contentUrl":"https:\/\/www.torreabadal.com\/wp-content\/uploads\/2022\/09\/cropped-abadal-01-1.png","width":1995,"height":1628,"caption":"Torre Modernista Abadal"},"image":{"@id":"https:\/\/www.torreabadal.com\/#\/schema\/logo\/image\/"},"sameAs":["https:\/\/www.facebook.com\/torre.abadal\/","https:\/\/www.instagram.com\/torre.abadal\/"]}]}},"_links":{"self":[{"href":"https:\/\/www.torreabadal.com\/es\/wp-json\/wp\/v2\/product\/4798"}],"collection":[{"href":"https:\/\/www.torreabadal.com\/es\/wp-json\/wp\/v2\/product"}],"about":[{"href":"https:\/\/www.torreabadal.com\/es\/wp-json\/wp\/v2\/types\/product"}],"wp:featuredmedia":[{"embeddable":true,"href":"https:\/\/www.torreabadal.com\/es\/wp-json\/wp\/v2\/media\/4799"}],"wp:attachment":[{"href":"https:\/\/www.torreabadal.com\/es\/wp-json\/wp\/v2\/media?parent=4798"}],"wp:term":[{"taxonomy":"product_cat","embeddable":true,"href":"https:\/\/www.torreabadal.com\/es\/wp-json\/wp\/v2\/product_cat?post=4798"},{"taxonomy":"product_tag","embeddable":true,"href":"https:\/\/www.torreabadal.com\/es\/wp-json\/wp\/v2\/product_tag?post=4798"}],"curies":[{"name":"wp","href":"https:\/\/api.w.org\/{rel}","templated":true}]}}