{"id":7523,"date":"2025-09-25T14:29:42","date_gmt":"2025-09-25T14:29:42","guid":{"rendered":"https:\/\/www.torreabadal.com\/botiga\/prova\/"},"modified":"2025-11-16T09:07:48","modified_gmt":"2025-11-16T09:07:48","slug":"visitas_guiadas_2026","status":"publish","type":"product","link":"https:\/\/www.torreabadal.com\/es\/botiga\/visitas_guiadas_2026\/","title":{"rendered":"VISITAS GUIADAS 2026"},"content":{"rendered":"","protected":false},"excerpt":{"rendered":"<p>Descubre en exclusiva un espacio modernista \u00fanico y perfectamente conservado. La Torre Modernista Abadal es de las pocas casas modernistas que siguen perteneciente a la misma familia desde su construcci\u00f3n en el a\u00f1o 1909. Visita guiada a cargo de la actual propietaria M\u00f2nica Abadal, donde podr\u00e1s descubrir las diferentes salas y comedor de la vivienda, el despacho con el \u00e1rbol geneal\u00f3gico de la familia desde el 128 rom\u00e1ntico y la bodega centenaria con an\u00e9cdotas y curiosidades familiares de la burgues\u00eda explicadas de primera mano por su propietaria.<\/p>\n<p>Posibilidad de terminar la visita con vermut musical (bebida + aperitivo con m\u00fasica en vivo) en el jard\u00edn rom\u00e1ntico de la casa.<\/p>\n<p><strong>\u00b7 Guiada SIMPLE: 15\u20ac<\/strong><\/p>\n<p><strong>\u00b7 Guiada PREMIUM: 20\u20ac<\/strong><\/p>\n<p>*Menores de 6 a\u00f1os: Gratuito<\/p>\n<p>GUIADA SIMPLE \u00b7 Su entrada incluye: Visita Guiada a la casa y bodega. Duraci\u00f3n: 1h. aprox.<\/p>\n<p>GUIADA PREMIUM \u00b7 Su entrada incluye: Guiada Simple + Vermut Musical* en los Jardines. Duraci\u00f3n 2h aprox. *el Vermut Musical incluye (bebida + aperitivo con m\u00fasica en vivo)<\/p>\n<blockquote><p>Con la compra de tu entrada est\u00e1 contribuyendo a la conservaci\u00f3n del patrimonio. \u00a1Muchas gracias!<\/p><\/blockquote>\n","protected":false},"featured_media":4799,"template":"","meta":{"_joinchat":[]},"product_cat":[160,117],"product_tag":[],"yoast_head":"<!-- This site is optimized with the Yoast SEO plugin v22.9 - https:\/\/yoast.com\/wordpress\/plugins\/seo\/ -->\n<title>VISITAS GUIADAS 2026 - Torre Modernista Abadal<\/title>\n<meta name=\"robots\" content=\"index, follow, max-snippet:-1, max-image-preview:large, max-video-preview:-1\" \/>\n<link rel=\"canonical\" href=\"https:\/\/www.torreabadal.com\/es\/botiga\/visitas_guiadas_2026\/\" \/>\n<meta property=\"og:locale\" content=\"es_ES\" \/>\n<meta property=\"og:type\" content=\"article\" \/>\n<meta property=\"og:title\" content=\"VISITAS GUIADAS 2026 - Torre Modernista Abadal\" \/>\n<meta property=\"og:description\" content=\"Descubre en exclusiva un espacio modernista \u00fanico y perfectamente conservado. La Torre Modernista Abadal es de las pocas casas modernistas que siguen perteneciente a la misma familia desde su construcci\u00f3n en el a\u00f1o 1909. Visita guiada a cargo de la actual propietaria M\u00f2nica Abadal, donde podr\u00e1s descubrir las diferentes salas y comedor de la vivienda, el despacho con el \u00e1rbol geneal\u00f3gico de la familia desde el 128 rom\u00e1ntico y la bodega centenaria con an\u00e9cdotas y curiosidades familiares de la burgues\u00eda explicadas de primera mano por su propietaria.  Posibilidad de terminar la visita con vermut musical (bebida + aperitivo con m\u00fasica en vivo) en el jard\u00edn rom\u00e1ntico de la casa.  \u00b7 Guiada SIMPLE: 15\u20ac  \u00b7 Guiada PREMIUM: 20\u20ac  *Menores de 6 a\u00f1os: Gratuito  GUIADA SIMPLE \u00b7 Su entrada incluye: Visita Guiada a la casa y bodega. Duraci\u00f3n: 1h. aprox.  GUIADA PREMIUM \u00b7 Su entrada incluye: Guiada Simple + Vermut Musical* en los Jardines. Duraci\u00f3n 2h aprox. *el Vermut Musical incluye (bebida + aperitivo con m\u00fasica en vivo) Con la compra de tu entrada est\u00e1 contribuyendo a la conservaci\u00f3n del patrimonio. \u00a1Muchas gracias!\" \/>\n<meta property=\"og:url\" content=\"https:\/\/www.torreabadal.com\/es\/botiga\/visitas_guiadas_2026\/\" \/>\n<meta property=\"og:site_name\" content=\"Torre Modernista Abadal\" \/>\n<meta property=\"article:publisher\" content=\"https:\/\/www.facebook.com\/torre.abadal\/\" \/>\n<meta property=\"article:modified_time\" content=\"2025-11-16T09:07:48+00:00\" \/>\n<meta property=\"og:image\" content=\"https:\/\/www.torreabadal.com\/wp-content\/uploads\/2023\/04\/visita.png\" \/>\n\t<meta property=\"og:image:width\" content=\"800\" \/>\n\t<meta property=\"og:image:height\" content=\"978\" \/>\n\t<meta property=\"og:image:type\" content=\"image\/png\" \/>\n<meta name=\"twitter:card\" content=\"summary_large_image\" \/>\n<meta name=\"twitter:label1\" content=\"Tiempo de lectura\" \/>\n\t<meta name=\"twitter:data1\" content=\"1 minuto\" \/>\n<script type=\"application\/ld+json\" class=\"yoast-schema-graph\">{\"@context\":\"https:\/\/schema.org\",\"@graph\":[{\"@type\":\"WebPage\",\"@id\":\"https:\/\/www.torreabadal.com\/es\/botiga\/visitas_guiadas_2026\/\",\"url\":\"https:\/\/www.torreabadal.com\/es\/botiga\/visitas_guiadas_2026\/\",\"name\":\"VISITAS GUIADAS 2026 - Torre Modernista Abadal\",\"isPartOf\":{\"@id\":\"https:\/\/www.torreabadal.com\/#website\"},\"primaryImageOfPage\":{\"@id\":\"https:\/\/www.torreabadal.com\/es\/botiga\/visitas_guiadas_2026\/#primaryimage\"},\"image\":{\"@id\":\"https:\/\/www.torreabadal.com\/es\/botiga\/visitas_guiadas_2026\/#primaryimage\"},\"thumbnailUrl\":\"https:\/\/www.torreabadal.com\/wp-content\/uploads\/2023\/04\/visita.png\",\"datePublished\":\"2025-09-25T14:29:42+00:00\",\"dateModified\":\"2025-11-16T09:07:48+00:00\",\"breadcrumb\":{\"@id\":\"https:\/\/www.torreabadal.com\/es\/botiga\/visitas_guiadas_2026\/#breadcrumb\"},\"inLanguage\":\"es\",\"potentialAction\":[{\"@type\":\"ReadAction\",\"target\":[\"https:\/\/www.torreabadal.com\/es\/botiga\/visitas_guiadas_2026\/\"]}]},{\"@type\":\"ImageObject\",\"inLanguage\":\"es\",\"@id\":\"https:\/\/www.torreabadal.com\/es\/botiga\/visitas_guiadas_2026\/#primaryimage\",\"url\":\"https:\/\/www.torreabadal.com\/wp-content\/uploads\/2023\/04\/visita.png\",\"contentUrl\":\"https:\/\/www.torreabadal.com\/wp-content\/uploads\/2023\/04\/visita.png\",\"width\":800,\"height\":978},{\"@type\":\"BreadcrumbList\",\"@id\":\"https:\/\/www.torreabadal.com\/es\/botiga\/visitas_guiadas_2026\/#breadcrumb\",\"itemListElement\":[{\"@type\":\"ListItem\",\"position\":1,\"name\":\"Inici\",\"item\":\"https:\/\/www.torreabadal.com\/es\/\"},{\"@type\":\"ListItem\",\"position\":2,\"name\":\"Tienda\",\"item\":\"https:\/\/www.torreabadal.com\/es\/tienda\/\"},{\"@type\":\"ListItem\",\"position\":3,\"name\":\"VISITAS GUIADAS 2026\"}]},{\"@type\":\"WebSite\",\"@id\":\"https:\/\/www.torreabadal.com\/#website\",\"url\":\"https:\/\/www.torreabadal.com\/\",\"name\":\"Torre Modernista Abadal\",\"description\":\"Una aut\u00e8ntica casa modernista del segle XX. Hist\u00f2ria, disseny i privacitat.\",\"publisher\":{\"@id\":\"https:\/\/www.torreabadal.com\/#organization\"},\"potentialAction\":[{\"@type\":\"SearchAction\",\"target\":{\"@type\":\"EntryPoint\",\"urlTemplate\":\"https:\/\/www.torreabadal.com\/?s={search_term_string}\"},\"query-input\":\"required name=search_term_string\"}],\"inLanguage\":\"es\"},{\"@type\":\"Organization\",\"@id\":\"https:\/\/www.torreabadal.com\/#organization\",\"name\":\"Torre Modernista Abadal\",\"url\":\"https:\/\/www.torreabadal.com\/\",\"logo\":{\"@type\":\"ImageObject\",\"inLanguage\":\"es\",\"@id\":\"https:\/\/www.torreabadal.com\/#\/schema\/logo\/image\/\",\"url\":\"https:\/\/www.torreabadal.com\/wp-content\/uploads\/2022\/09\/cropped-abadal-01-1.png\",\"contentUrl\":\"https:\/\/www.torreabadal.com\/wp-content\/uploads\/2022\/09\/cropped-abadal-01-1.png\",\"width\":1995,\"height\":1628,\"caption\":\"Torre Modernista Abadal\"},\"image\":{\"@id\":\"https:\/\/www.torreabadal.com\/#\/schema\/logo\/image\/\"},\"sameAs\":[\"https:\/\/www.facebook.com\/torre.abadal\/\",\"https:\/\/www.instagram.com\/torre.abadal\/\"]}]}<\/script>\n<!-- \/ Yoast SEO plugin. -->","yoast_head_json":{"title":"VISITAS GUIADAS 2026 - Torre Modernista Abadal","robots":{"index":"index","follow":"follow","max-snippet":"max-snippet:-1","max-image-preview":"max-image-preview:large","max-video-preview":"max-video-preview:-1"},"canonical":"https:\/\/www.torreabadal.com\/es\/botiga\/visitas_guiadas_2026\/","og_locale":"es_ES","og_type":"article","og_title":"VISITAS GUIADAS 2026 - Torre Modernista Abadal","og_description":"Descubre en exclusiva un espacio modernista \u00fanico y perfectamente conservado. La Torre Modernista Abadal es de las pocas casas modernistas que siguen perteneciente a la misma familia desde su construcci\u00f3n en el a\u00f1o 1909. Visita guiada a cargo de la actual propietaria M\u00f2nica Abadal, donde podr\u00e1s descubrir las diferentes salas y comedor de la vivienda, el despacho con el \u00e1rbol geneal\u00f3gico de la familia desde el 128 rom\u00e1ntico y la bodega centenaria con an\u00e9cdotas y curiosidades familiares de la burgues\u00eda explicadas de primera mano por su propietaria.  Posibilidad de terminar la visita con vermut musical (bebida + aperitivo con m\u00fasica en vivo) en el jard\u00edn rom\u00e1ntico de la casa.  \u00b7 Guiada SIMPLE: 15\u20ac  \u00b7 Guiada PREMIUM: 20\u20ac  *Menores de 6 a\u00f1os: Gratuito  GUIADA SIMPLE \u00b7 Su entrada incluye: Visita Guiada a la casa y bodega. Duraci\u00f3n: 1h. aprox.  GUIADA PREMIUM \u00b7 Su entrada incluye: Guiada Simple + Vermut Musical* en los Jardines. Duraci\u00f3n 2h aprox. *el Vermut Musical incluye (bebida + aperitivo con m\u00fasica en vivo) Con la compra de tu entrada est\u00e1 contribuyendo a la conservaci\u00f3n del patrimonio. \u00a1Muchas gracias!","og_url":"https:\/\/www.torreabadal.com\/es\/botiga\/visitas_guiadas_2026\/","og_site_name":"Torre Modernista Abadal","article_publisher":"https:\/\/www.facebook.com\/torre.abadal\/","article_modified_time":"2025-11-16T09:07:48+00:00","og_image":[{"width":800,"height":978,"url":"https:\/\/www.torreabadal.com\/wp-content\/uploads\/2023\/04\/visita.png","type":"image\/png"}],"twitter_card":"summary_large_image","twitter_misc":{"Tiempo de lectura":"1 minuto"},"schema":{"@context":"https:\/\/schema.org","@graph":[{"@type":"WebPage","@id":"https:\/\/www.torreabadal.com\/es\/botiga\/visitas_guiadas_2026\/","url":"https:\/\/www.torreabadal.com\/es\/botiga\/visitas_guiadas_2026\/","name":"VISITAS GUIADAS 2026 - Torre Modernista Abadal","isPartOf":{"@id":"https:\/\/www.torreabadal.com\/#website"},"primaryImageOfPage":{"@id":"https:\/\/www.torreabadal.com\/es\/botiga\/visitas_guiadas_2026\/#primaryimage"},"image":{"@id":"https:\/\/www.torreabadal.com\/es\/botiga\/visitas_guiadas_2026\/#primaryimage"},"thumbnailUrl":"https:\/\/www.torreabadal.com\/wp-content\/uploads\/2023\/04\/visita.png","datePublished":"2025-09-25T14:29:42+00:00","dateModified":"2025-11-16T09:07:48+00:00","breadcrumb":{"@id":"https:\/\/www.torreabadal.com\/es\/botiga\/visitas_guiadas_2026\/#breadcrumb"},"inLanguage":"es","potentialAction":[{"@type":"ReadAction","target":["https:\/\/www.torreabadal.com\/es\/botiga\/visitas_guiadas_2026\/"]}]},{"@type":"ImageObject","inLanguage":"es","@id":"https:\/\/www.torreabadal.com\/es\/botiga\/visitas_guiadas_2026\/#primaryimage","url":"https:\/\/www.torreabadal.com\/wp-content\/uploads\/2023\/04\/visita.png","contentUrl":"https:\/\/www.torreabadal.com\/wp-content\/uploads\/2023\/04\/visita.png","width":800,"height":978},{"@type":"BreadcrumbList","@id":"https:\/\/www.torreabadal.com\/es\/botiga\/visitas_guiadas_2026\/#breadcrumb","itemListElement":[{"@type":"ListItem","position":1,"name":"Inici","item":"https:\/\/www.torreabadal.com\/es\/"},{"@type":"ListItem","position":2,"name":"Tienda","item":"https:\/\/www.torreabadal.com\/es\/tienda\/"},{"@type":"ListItem","position":3,"name":"VISITAS GUIADAS 2026"}]},{"@type":"WebSite","@id":"https:\/\/www.torreabadal.com\/#website","url":"https:\/\/www.torreabadal.com\/","name":"Torre Modernista Abadal","description":"Una aut\u00e8ntica casa modernista del segle XX. Hist\u00f2ria, disseny i privacitat.","publisher":{"@id":"https:\/\/www.torreabadal.com\/#organization"},"potentialAction":[{"@type":"SearchAction","target":{"@type":"EntryPoint","urlTemplate":"https:\/\/www.torreabadal.com\/?s={search_term_string}"},"query-input":"required name=search_term_string"}],"inLanguage":"es"},{"@type":"Organization","@id":"https:\/\/www.torreabadal.com\/#organization","name":"Torre Modernista Abadal","url":"https:\/\/www.torreabadal.com\/","logo":{"@type":"ImageObject","inLanguage":"es","@id":"https:\/\/www.torreabadal.com\/#\/schema\/logo\/image\/","url":"https:\/\/www.torreabadal.com\/wp-content\/uploads\/2022\/09\/cropped-abadal-01-1.png","contentUrl":"https:\/\/www.torreabadal.com\/wp-content\/uploads\/2022\/09\/cropped-abadal-01-1.png","width":1995,"height":1628,"caption":"Torre Modernista Abadal"},"image":{"@id":"https:\/\/www.torreabadal.com\/#\/schema\/logo\/image\/"},"sameAs":["https:\/\/www.facebook.com\/torre.abadal\/","https:\/\/www.instagram.com\/torre.abadal\/"]}]}},"_links":{"self":[{"href":"https:\/\/www.torreabadal.com\/es\/wp-json\/wp\/v2\/product\/7523"}],"collection":[{"href":"https:\/\/www.torreabadal.com\/es\/wp-json\/wp\/v2\/product"}],"about":[{"href":"https:\/\/www.torreabadal.com\/es\/wp-json\/wp\/v2\/types\/product"}],"wp:featuredmedia":[{"embeddable":true,"href":"https:\/\/www.torreabadal.com\/es\/wp-json\/wp\/v2\/media\/4799"}],"wp:attachment":[{"href":"https:\/\/www.torreabadal.com\/es\/wp-json\/wp\/v2\/media?parent=7523"}],"wp:term":[{"taxonomy":"product_cat","embeddable":true,"href":"https:\/\/www.torreabadal.com\/es\/wp-json\/wp\/v2\/product_cat?post=7523"},{"taxonomy":"product_tag","embeddable":true,"href":"https:\/\/www.torreabadal.com\/es\/wp-json\/wp\/v2\/product_tag?post=7523"}],"curies":[{"name":"wp","href":"https:\/\/api.w.org\/{rel}","templated":true}]}}